{"id":335,"date":"2022-05-20T18:29:16","date_gmt":"2022-05-20T18:29:16","guid":{"rendered":"https:\/\/avos.pt\/home\/"},"modified":"2022-06-21T13:47:01","modified_gmt":"2022-06-21T13:47:01","slug":"home","status":"publish","type":"page","link":"https:\/\/avos.pt\/en\/","title":{"rendered":"Home"},"content":{"rendered":"<div id='full_slider_1'  class='avia-fullwidth-slider main_color avia-shadow   avia-builder-el-0  el_before_av_section  avia-builder-el-first   container_wrap fullsize'  >\n<style type=\"text\/css\" data-created_by=\"avia_inline_auto\" id=\"style-css-av-l3fu8rqv-c6b48a0d33fe0b1c7b3a7699b89e66df\">\n#top #wrap_all .avia-slideshow .av-slideshow-caption.av-l3fu8rqv-c6b48a0d33fe0b1c7b3a7699b89e66df__0 .avia-caption-title{\nfont-size:60px;\ncolor:#ffffff;\n}\n<\/style>\n<div  class='avia-slideshow av-l3fu8rqv-c6b48a0d33fe0b1c7b3a7699b89e66df avia-slideshow-featured av_slideshow_full avia-fade-slider av-slideshow-ui av-control-hidden av-no-slider-navigation av-hide-nav-arrows av-slideshow-autoplay av-loop-endless av-loop-manual-endless av-default-height-applied   avia-slideshow-1' data-slideshow-options=\"{&quot;animation&quot;:&quot;fade&quot;,&quot;autoplay&quot;:true,&quot;loop_autoplay&quot;:&quot;endless&quot;,&quot;interval&quot;:5,&quot;loop_manual&quot;:&quot;manual-endless&quot;,&quot;autoplay_stopper&quot;:false,&quot;noNavigation&quot;:true,&quot;bg_slider&quot;:false,&quot;keep_padding&quot;:false,&quot;hoverpause&quot;:false,&quot;show_slide_delay&quot;:0}\"  itemprop=\"image\" itemscope=\"itemscope\" itemtype=\"https:\/\/schema.org\/ImageObject\" ><ul class='avia-slideshow-inner ' style='padding-bottom: 28.666666666667%;'><li  class='avia-slideshow-slide av-l3fu8rqv-c6b48a0d33fe0b1c7b3a7699b89e66df__0  av-single-slide slide-1 slide-odd'><div data-rel='slideshow-1' class='avia-slide-wrap '   ><img decoding=\"async\" fetchpriority=\"high\" class=\"wp-image-324 avia-img-lazy-loading-not-324\"  src=\"https:\/\/avos.pt\/wp-content\/uploads\/2022\/05\/banner-1-1500x430.jpg\" width=\"1500\" height=\"430\" title='banner-1' alt=''  itemprop=\"thumbnailUrl\"  style='min-height:400px; min-width:1396px; ' \/><div class='av-section-color-overlay' style='opacity: 0.2; background-color: #000000; '><\/div><\/div><\/li><\/ul><div class='av-slideshow-caption av-l3fu8rqv-c6b48a0d33fe0b1c7b3a7699b89e66df__0 caption_fullwidth caption_center'><div class=\"container caption_container\"><div class=\"slideshow_caption\"><div class=\"slideshow_inner_caption\"><div class=\"slideshow_align_caption\"><h2 class='avia-caption-title '  itemprop=\"name\" >Aquaculture, technological innovation,<br \/>\nmaritime exploration and consulting<\/h2><\/div><\/div><\/div><\/div><\/div><\/div><\/div>\n<div id='av_section_1'  class='avia-section av-1iups-b6f0a220cf6e7dbfe7bf965955dfca7f main_color avia-section-large avia-no-border-styling  avia-builder-el-1  el_after_av_slideshow_full  el_before_av_section  avia-bg-style-scroll container_wrap fullsize'  ><div class='container av-section-cont-open' ><div class='template-page content  av-content-full alpha units'><div class='post-entry post-entry-type-page post-entry-335'><div class='entry-content-wrapper clearfix'>\n\n<style type=\"text\/css\" data-created_by=\"avia_inline_auto\" id=\"style-css-av-2c9a4-cb63915c7e4d921f7f4ce2ee1007c9d5\">\n#top .av-special-heading.av-2c9a4-cb63915c7e4d921f7f4ce2ee1007c9d5{\npadding-bottom:30px;\nfont-size:35px;\n}\nbody .av-special-heading.av-2c9a4-cb63915c7e4d921f7f4ce2ee1007c9d5 .av-special-heading-tag .heading-char{\nfont-size:25px;\n}\n#top #wrap_all .av-special-heading.av-2c9a4-cb63915c7e4d921f7f4ce2ee1007c9d5 .av-special-heading-tag{\nfont-size:35px;\n}\n.av-special-heading.av-2c9a4-cb63915c7e4d921f7f4ce2ee1007c9d5 .av-subheading{\nfont-size:15px;\n}\n\n@media only screen and (min-width: 480px) and (max-width: 767px){ \n#top #wrap_all .av-special-heading.av-2c9a4-cb63915c7e4d921f7f4ce2ee1007c9d5 .av-special-heading-tag{\nfont-size:0.8em;\n}\n}\n\n@media only screen and (max-width: 479px){ \n#top #wrap_all .av-special-heading.av-2c9a4-cb63915c7e4d921f7f4ce2ee1007c9d5 .av-special-heading-tag{\nfont-size:0.8em;\n}\n}\n<\/style>\n<div  class='av-special-heading av-2c9a4-cb63915c7e4d921f7f4ce2ee1007c9d5 av-special-heading-h2 blockquote modern-quote modern-centered  avia-builder-el-2  el_before_av_textblock  avia-builder-el-first  av-inherit-size'><h2 class='av-special-heading-tag '  itemprop=\"headline\"  >Who we are<\/h2><div class=\"special-heading-border\"><div class=\"special-heading-inner-border\"><\/div><\/div><\/div>\n\n<style type=\"text\/css\" data-created_by=\"avia_inline_auto\" id=\"style-css-av-10844-8fb9294197eae30209a4b4a24bfdac0f\">\n#top .av_textblock_section.av-10844-8fb9294197eae30209a4b4a24bfdac0f .avia_textblock{\nfont-size:20px;\n}\n<\/style>\n<section  class='av_textblock_section av-10844-8fb9294197eae30209a4b4a24bfdac0f '   itemscope=\"itemscope\" itemtype=\"https:\/\/schema.org\/CreativeWork\" ><div class='avia_textblock'  itemprop=\"text\" ><p style=\"text-align: center;\"><strong>AVOS<\/strong> is born from an accumulation of knowledge and experience in the <strong>Aquaculture Sector<\/strong>.<\/p>\n<\/div><\/section>\n\n<style type=\"text\/css\" data-created_by=\"avia_inline_auto\" id=\"style-css-av-l3fs0prn-37b32b2096c19793f55cb87778d39373\">\n#top .hr.hr-invisible.av-l3fs0prn-37b32b2096c19793f55cb87778d39373{\nheight:30px;\n}\n<\/style>\n<div  class='hr av-l3fs0prn-37b32b2096c19793f55cb87778d39373 hr-invisible  avia-builder-el-4  el_after_av_textblock  el_before_av_button '><span class='hr-inner '><span class=\"hr-inner-style\"><\/span><\/span><\/div>\n<div  class='avia-button-wrap av-l3frslml-5609104798d6ededf8632a0248e06778-wrap avia-button-center  avia-builder-el-5  el_after_av_hr  avia-builder-el-last '>\n<style type=\"text\/css\" data-created_by=\"avia_inline_auto\" id=\"style-css-av-l3frslml-5609104798d6ededf8632a0248e06778\">\n@keyframes av_sonarEffect_av-l3frslml-5609104798d6ededf8632a0248e06778 {\n  0% {opacity: 0.3;}\n 40% {opacity: 0.5; box-shadow: 0 0 0 2px rgba(255,255,255,0.1), 0 0 10px 10px #a7cecd, 0 0 0 10px rgba(255,255,255,0.5);}\n100% {opacity: 0; box-shadow: 0 0 0 2px rgba(255,255,255,0.1), 0 0 10px 10px #a7cecd, 0 0 0 10px rgba(255,255,255,0.5); transform: scale(1.3);}\n}\n#top #wrap_all .avia-button.av-l3frslml-5609104798d6ededf8632a0248e06778{\nbackground-color:#a7cecd;\nborder-color:#a7cecd;\ncolor:#14283a;\nborder-style:none;\ntransition:all 0.4s ease-in-out;\n}\n.avia-button.av-l3frslml-5609104798d6ededf8632a0248e06778.avia-sonar-shadow:hover:after{\nanimation:av_sonarEffect_av-l3frslml-5609104798d6ededf8632a0248e06778 1s ease-in-out;\n}\n#top #wrap_all .avia-button.av-l3frslml-5609104798d6ededf8632a0248e06778 .avia-svg-icon svg:first-child{\nfill:#14283a;\nstroke:#14283a;\n}\n<\/style>\n<a href='https:\/\/avos.pt\/en\/who-are-we\/'  class='avia-button av-l3frslml-5609104798d6ededf8632a0248e06778 av-link-btn avia-icon_select-no avia-size-large avia-position-center avia-sonar-shadow'   aria-label=\"MORE INFO\"><span class='avia_iconbox_title' >MORE INFO<\/span><\/a><\/div>\n\n<\/div><\/div><\/div><!-- close content main div --><\/div><\/div>\n<style type=\"text\/css\" data-created_by=\"avia_inline_auto\" id=\"style-css-av-52a0-63a729aad859fcc4e3156488b2d14fca\">\n.avia-section.av-52a0-63a729aad859fcc4e3156488b2d14fca{\nbackground-color:#a7cecd;\nbackground-image:unset;\n}\n.avia-section.av-52a0-63a729aad859fcc4e3156488b2d14fca .av-section-color-overlay{\nopacity:0.7;\nbackground-color:#ffffff;\n}\n<\/style>\n<div id='av_section_2'  class='avia-section av-52a0-63a729aad859fcc4e3156488b2d14fca main_color avia-section-large avia-no-border-styling  avia-builder-el-6  el_after_av_section  avia-builder-el-last  avia-bg-style-scroll av-section-color-overlay-active container_wrap fullsize'  ><div class=\"av-section-color-overlay-wrap\"><div class=\"av-section-color-overlay\"><\/div><div class='container av-section-cont-open' ><div class='template-page content  av-content-full alpha units'><div class='post-entry post-entry-type-page post-entry-335'><div class='entry-content-wrapper clearfix'>\n\n<style type=\"text\/css\" data-created_by=\"avia_inline_auto\" id=\"style-css-av-l3frn7qn-8be70278e9d1c99557d8b94d5bb70545\">\n#top .av-special-heading.av-l3frn7qn-8be70278e9d1c99557d8b94d5bb70545{\npadding-bottom:30px;\nfont-size:35px;\n}\nbody .av-special-heading.av-l3frn7qn-8be70278e9d1c99557d8b94d5bb70545 .av-special-heading-tag .heading-char{\nfont-size:25px;\n}\n#top #wrap_all .av-special-heading.av-l3frn7qn-8be70278e9d1c99557d8b94d5bb70545 .av-special-heading-tag{\nfont-size:35px;\n}\n.av-special-heading.av-l3frn7qn-8be70278e9d1c99557d8b94d5bb70545 .av-subheading{\nfont-size:15px;\n}\n\n@media only screen and (min-width: 480px) and (max-width: 767px){ \n#top #wrap_all .av-special-heading.av-l3frn7qn-8be70278e9d1c99557d8b94d5bb70545 .av-special-heading-tag{\nfont-size:0.8em;\n}\n}\n\n@media only screen and (max-width: 479px){ \n#top #wrap_all .av-special-heading.av-l3frn7qn-8be70278e9d1c99557d8b94d5bb70545 .av-special-heading-tag{\nfont-size:0.8em;\n}\n}\n<\/style>\n<div  class='av-special-heading av-l3frn7qn-8be70278e9d1c99557d8b94d5bb70545 av-special-heading-h2 blockquote modern-quote modern-centered  avia-builder-el-7  el_before_av_textblock  avia-builder-el-first  av-inherit-size'><h2 class='av-special-heading-tag '  itemprop=\"headline\"  >Services<\/h2><div class=\"special-heading-border\"><div class=\"special-heading-inner-border\"><\/div><\/div><\/div>\n\n<style type=\"text\/css\" data-created_by=\"avia_inline_auto\" id=\"style-css-av-oeo-1a288d58631bb121a3e9d5ce54d4d907\">\n#top .av_textblock_section.av-oeo-1a288d58631bb121a3e9d5ce54d4d907 .avia_textblock{\nfont-size:20px;\n}\n<\/style>\n<section  class='av_textblock_section av-oeo-1a288d58631bb121a3e9d5ce54d4d907 '   itemscope=\"itemscope\" itemtype=\"https:\/\/schema.org\/CreativeWork\" ><div class='avia_textblock'  itemprop=\"text\" ><p style=\"text-align: center;\"><strong>AVOS<\/strong>, through its own projects or in collaboration with selected partners, is devoted to:<\/p>\n<\/div><\/section>\n\n<style type=\"text\/css\" data-created_by=\"avia_inline_auto\" id=\"style-css-av-3penc-c6dd191fca6985f14b7710c967141024\">\n.flex_column.av-3penc-c6dd191fca6985f14b7710c967141024{\nwidth:31.333333333333%;\n}\n<\/style>\n<div  class='flex_column av-3penc-c6dd191fca6985f14b7710c967141024 av_one_third  avia-builder-el-9  el_after_av_textblock  el_before_av_one_third  first flex_column_div  column-top-margin'     ><p>\n<style type=\"text\/css\" data-created_by=\"avia_inline_auto\" id=\"style-css-av-3hwz0-9a2f020c5c13f907e3d4e1953349780a\">\n.avia-image-container.av-3hwz0-9a2f020c5c13f907e3d4e1953349780a img.avia_image{\nbox-shadow:none;\n}\n.avia-image-container.av-3hwz0-9a2f020c5c13f907e3d4e1953349780a .av-image-caption-overlay-center{\ncolor:#ffffff;\n}\n<\/style>\n<div  class='avia-image-container av-3hwz0-9a2f020c5c13f907e3d4e1953349780a av-styling-no-styling avia-align-center  avia-builder-el-10  el_before_av_textblock  avia-builder-el-first '   itemprop=\"image\" itemscope=\"itemscope\" itemtype=\"https:\/\/schema.org\/ImageObject\" ><div class=\"avia-image-container-inner\"><div class=\"avia-image-overlay-wrap\"><img decoding=\"async\" fetchpriority=\"high\" class='wp-image-321 avia-img-lazy-loading-not-321 avia_image ' src=\"https:\/\/avos.pt\/wp-content\/uploads\/2022\/05\/serv-1.jpg\" alt='' title='Produ\u00e7\u00e3o de biomassa de algas para sequestro de carbono'  height=\"666\" width=\"1000\"  itemprop=\"thumbnailUrl\" srcset=\"https:\/\/avos.pt\/wp-content\/uploads\/2022\/05\/serv-1.jpg 1000w, https:\/\/avos.pt\/wp-content\/uploads\/2022\/05\/serv-1-300x200.jpg 300w, https:\/\/avos.pt\/wp-content\/uploads\/2022\/05\/serv-1-768x511.jpg 768w, https:\/\/avos.pt\/wp-content\/uploads\/2022\/05\/serv-1-705x470.jpg 705w\" sizes=\"(max-width: 1000px) 100vw, 1000px\" \/><\/div><\/div><\/div><br \/>\n<section  class='av_textblock_section av-1pxks-ca2f38e8a47ecbe2de6b4870bd75c220 '   itemscope=\"itemscope\" itemtype=\"https:\/\/schema.org\/CreativeWork\" ><div class='avia_textblock'  itemprop=\"text\" ><p style=\"text-align: center;\"><strong>Production of algae biomass<br \/>\nfor carbon sequestration<\/strong><\/p>\n<\/div><\/section><\/p><\/div>\n<style type=\"text\/css\" data-created_by=\"avia_inline_auto\" id=\"style-css-av-3j5q4-bb1d869b7ae5989f92060bb15465a2b8\">\n.flex_column.av-3j5q4-bb1d869b7ae5989f92060bb15465a2b8{\nwidth:31.333333333333%;\nmargin-left:3%;\n}\n<\/style>\n<div  class='flex_column av-3j5q4-bb1d869b7ae5989f92060bb15465a2b8 av_one_third  avia-builder-el-12  el_after_av_one_third  el_before_av_one_third  flex_column_div  column-top-margin'     ><p>\n<style type=\"text\/css\" data-created_by=\"avia_inline_auto\" id=\"style-css-av-2lyl4-b039b1cb55e3aa4830a19e9afcec33aa\">\n.avia-image-container.av-2lyl4-b039b1cb55e3aa4830a19e9afcec33aa img.avia_image{\nbox-shadow:none;\n}\n.avia-image-container.av-2lyl4-b039b1cb55e3aa4830a19e9afcec33aa .av-image-caption-overlay-center{\ncolor:#ffffff;\n}\n<\/style>\n<div  class='avia-image-container av-2lyl4-b039b1cb55e3aa4830a19e9afcec33aa av-styling-no-styling avia-align-center  avia-builder-el-13  el_before_av_textblock  avia-builder-el-first '   itemprop=\"image\" itemscope=\"itemscope\" itemtype=\"https:\/\/schema.org\/ImageObject\" ><div class=\"avia-image-container-inner\"><div class=\"avia-image-overlay-wrap\"><img decoding=\"async\" fetchpriority=\"high\" class='wp-image-320 avia-img-lazy-loading-not-320 avia_image ' src=\"https:\/\/avos.pt\/wp-content\/uploads\/2022\/05\/serv-2.jpg\" alt='' title='Produ\u00e7\u00e3o de biomassa de algas em plataformas mar\u00edtimas offshore'  height=\"666\" width=\"1000\"  itemprop=\"thumbnailUrl\" srcset=\"https:\/\/avos.pt\/wp-content\/uploads\/2022\/05\/serv-2.jpg 1000w, https:\/\/avos.pt\/wp-content\/uploads\/2022\/05\/serv-2-300x200.jpg 300w, https:\/\/avos.pt\/wp-content\/uploads\/2022\/05\/serv-2-768x511.jpg 768w, https:\/\/avos.pt\/wp-content\/uploads\/2022\/05\/serv-2-705x470.jpg 705w\" sizes=\"(max-width: 1000px) 100vw, 1000px\" \/><\/div><\/div><\/div><br \/>\n<section  class='av_textblock_section av-l3fzc2mo-2a9612889c40df8d1ada84dea13b3d43 '   itemscope=\"itemscope\" itemtype=\"https:\/\/schema.org\/CreativeWork\" ><div class='avia_textblock'  itemprop=\"text\" ><p style=\"text-align: center;\"><strong>Production of algae biomass<br \/>\non offshore platforms <\/strong><\/p>\n<\/div><\/section><\/p><\/div>\n<style type=\"text\/css\" data-created_by=\"avia_inline_auto\" id=\"style-css-av-2rft4-44b24540a776f7620e0ff331b09265e8\">\n.flex_column.av-2rft4-44b24540a776f7620e0ff331b09265e8{\nwidth:31.333333333333%;\nmargin-left:3%;\n}\n<\/style>\n<div  class='flex_column av-2rft4-44b24540a776f7620e0ff331b09265e8 av_one_third  avia-builder-el-15  el_after_av_one_third  el_before_av_one_third  flex_column_div  column-top-margin'     ><p>\n<style type=\"text\/css\" data-created_by=\"avia_inline_auto\" id=\"style-css-av-l3fziwg8-8e5bf196cc8a2a724468a14809672fa2\">\n.avia-image-container.av-l3fziwg8-8e5bf196cc8a2a724468a14809672fa2 img.avia_image{\nbox-shadow:none;\n}\n.avia-image-container.av-l3fziwg8-8e5bf196cc8a2a724468a14809672fa2 .av-image-caption-overlay-center{\ncolor:#ffffff;\n}\n<\/style>\n<div  class='avia-image-container av-l3fziwg8-8e5bf196cc8a2a724468a14809672fa2 av-styling-no-styling avia-align-center  avia-builder-el-16  el_before_av_textblock  avia-builder-el-first '   itemprop=\"image\" itemscope=\"itemscope\" itemtype=\"https:\/\/schema.org\/ImageObject\" ><div class=\"avia-image-container-inner\"><div class=\"avia-image-overlay-wrap\"><img decoding=\"async\" fetchpriority=\"high\" class='wp-image-325 avia-img-lazy-loading-not-325 avia_image ' src=\"https:\/\/avos.pt\/wp-content\/uploads\/2022\/05\/serv-3.jpg\" alt='' title='Produ\u00e7\u00e3o em aquicultura em plataformas mar\u00edtimas offshore'  height=\"666\" width=\"1000\"  itemprop=\"thumbnailUrl\" srcset=\"https:\/\/avos.pt\/wp-content\/uploads\/2022\/05\/serv-3.jpg 1000w, https:\/\/avos.pt\/wp-content\/uploads\/2022\/05\/serv-3-300x200.jpg 300w, https:\/\/avos.pt\/wp-content\/uploads\/2022\/05\/serv-3-768x511.jpg 768w, https:\/\/avos.pt\/wp-content\/uploads\/2022\/05\/serv-3-705x470.jpg 705w\" sizes=\"(max-width: 1000px) 100vw, 1000px\" \/><\/div><\/div><\/div><br \/>\n<section  class='av_textblock_section av-l3fzbdca-1da7d3ada9ab0940d9e26cac4ca656c3 '   itemscope=\"itemscope\" itemtype=\"https:\/\/schema.org\/CreativeWork\" ><div class='avia_textblock'  itemprop=\"text\" ><p style=\"text-align: center;\"><strong>Aquaculture production<br \/>\non offshore platforms<\/strong><\/p>\n<\/div><\/section><\/p><\/div>\n<style type=\"text\/css\" data-created_by=\"avia_inline_auto\" id=\"style-css-av-1x5dk-c5dcfff594e8bfab4284e5396948e294\">\n.flex_column.av-1x5dk-c5dcfff594e8bfab4284e5396948e294{\nwidth:31.333333333333%;\n}\n<\/style>\n<div  class='flex_column av-1x5dk-c5dcfff594e8bfab4284e5396948e294 av_one_third  avia-builder-el-18  el_after_av_one_third  el_before_av_one_third  first flex_column_div  column-top-margin'     ><p>\n<style type=\"text\/css\" data-created_by=\"avia_inline_auto\" id=\"style-css-av-290x8-e7fb016d47107d2ca27a44bc11fc886a\">\n.avia-image-container.av-290x8-e7fb016d47107d2ca27a44bc11fc886a img.avia_image{\nbox-shadow:none;\n}\n.avia-image-container.av-290x8-e7fb016d47107d2ca27a44bc11fc886a .av-image-caption-overlay-center{\ncolor:#ffffff;\n}\n<\/style>\n<div  class='avia-image-container av-290x8-e7fb016d47107d2ca27a44bc11fc886a av-styling-no-styling avia-align-center  avia-builder-el-19  el_before_av_textblock  avia-builder-el-first '   itemprop=\"image\" itemscope=\"itemscope\" itemtype=\"https:\/\/schema.org\/ImageObject\" ><div class=\"avia-image-container-inner\"><div class=\"avia-image-overlay-wrap\"><img decoding=\"async\" fetchpriority=\"high\" class='wp-image-319 avia-img-lazy-loading-not-319 avia_image ' src=\"https:\/\/avos.pt\/wp-content\/uploads\/2022\/05\/serv-4.jpg\" alt='' title='Consultoria'  height=\"666\" width=\"1000\"  itemprop=\"thumbnailUrl\" srcset=\"https:\/\/avos.pt\/wp-content\/uploads\/2022\/05\/serv-4.jpg 1000w, https:\/\/avos.pt\/wp-content\/uploads\/2022\/05\/serv-4-300x200.jpg 300w, https:\/\/avos.pt\/wp-content\/uploads\/2022\/05\/serv-4-768x511.jpg 768w, https:\/\/avos.pt\/wp-content\/uploads\/2022\/05\/serv-4-705x470.jpg 705w\" sizes=\"(max-width: 1000px) 100vw, 1000px\" \/><\/div><\/div><\/div><br \/>\n<section  class='av_textblock_section av-wyzg-9fff3bf428b0429bca83fc2a70c9eba6 '   itemscope=\"itemscope\" itemtype=\"https:\/\/schema.org\/CreativeWork\" ><div class='avia_textblock'  itemprop=\"text\" ><p style=\"text-align: center;\"><strong>Consultancy<\/strong><\/p>\n<\/div><\/section><\/p><\/div>\n<style type=\"text\/css\" data-created_by=\"avia_inline_auto\" id=\"style-css-av-1qajg-141837e6b908c9dc0f3aada55d6dfe01\">\n.flex_column.av-1qajg-141837e6b908c9dc0f3aada55d6dfe01{\nwidth:31.333333333333%;\nmargin-left:3%;\n}\n<\/style>\n<div  class='flex_column av-1qajg-141837e6b908c9dc0f3aada55d6dfe01 av_one_third  avia-builder-el-21  el_after_av_one_third  el_before_av_one_third  flex_column_div  column-top-margin'     ><p>\n<style type=\"text\/css\" data-created_by=\"avia_inline_auto\" id=\"style-css-av-1dnak-9cb7371e63f993c0b0b974e1e37d132b\">\n.avia-image-container.av-1dnak-9cb7371e63f993c0b0b974e1e37d132b img.avia_image{\nbox-shadow:none;\n}\n.avia-image-container.av-1dnak-9cb7371e63f993c0b0b974e1e37d132b .av-image-caption-overlay-center{\ncolor:#ffffff;\n}\n<\/style>\n<div  class='avia-image-container av-1dnak-9cb7371e63f993c0b0b974e1e37d132b av-styling-no-styling avia-align-center  avia-builder-el-22  el_before_av_textblock  avia-builder-el-first '   itemprop=\"image\" itemscope=\"itemscope\" itemtype=\"https:\/\/schema.org\/ImageObject\" ><div class=\"avia-image-container-inner\"><div class=\"avia-image-overlay-wrap\"><img decoding=\"async\" fetchpriority=\"high\" class='wp-image-370 avia-img-lazy-loading-not-370 avia_image ' src=\"https:\/\/avos.pt\/wp-content\/uploads\/2022\/06\/monotorizacao.jpg\" alt='' title='monotorizacao'  height=\"666\" width=\"1000\"  itemprop=\"thumbnailUrl\" srcset=\"https:\/\/avos.pt\/wp-content\/uploads\/2022\/06\/monotorizacao.jpg 1000w, https:\/\/avos.pt\/wp-content\/uploads\/2022\/06\/monotorizacao-300x200.jpg 300w, https:\/\/avos.pt\/wp-content\/uploads\/2022\/06\/monotorizacao-768x511.jpg 768w, https:\/\/avos.pt\/wp-content\/uploads\/2022\/06\/monotorizacao-705x470.jpg 705w\" sizes=\"(max-width: 1000px) 100vw, 1000px\" \/><\/div><\/div><\/div><br \/>\n<section  class='av_textblock_section av-l3fzcxn8-a110d75db35ba8daf81007c1a03c5b30 '   itemscope=\"itemscope\" itemtype=\"https:\/\/schema.org\/CreativeWork\" ><div class='avia_textblock'  itemprop=\"text\" ><p style=\"text-align: center;\"><strong>Sensor Installation<\/strong><\/p>\n<\/div><\/section><\/p><\/div>\n<style type=\"text\/css\" data-created_by=\"avia_inline_auto\" id=\"style-css-av-shpw-cb6c7d4ce8c944f53bff436a993fe4e7\">\n.flex_column.av-shpw-cb6c7d4ce8c944f53bff436a993fe4e7{\nwidth:31.333333333333%;\nmargin-left:3%;\n}\n<\/style>\n<div  class='flex_column av-shpw-cb6c7d4ce8c944f53bff436a993fe4e7 av_one_third  avia-builder-el-24  el_after_av_one_third  el_before_av_hr  flex_column_div  column-top-margin'     ><p>\n<style type=\"text\/css\" data-created_by=\"avia_inline_auto\" id=\"style-css-av-sgps-566d46f4e0f20904be3434a22e39f082\">\n.avia-image-container.av-sgps-566d46f4e0f20904be3434a22e39f082 img.avia_image{\nbox-shadow:none;\n}\n.avia-image-container.av-sgps-566d46f4e0f20904be3434a22e39f082 .av-image-caption-overlay-center{\ncolor:#ffffff;\n}\n<\/style>\n<div  class='avia-image-container av-sgps-566d46f4e0f20904be3434a22e39f082 av-styling-no-styling avia-align-center  avia-builder-el-25  el_before_av_textblock  avia-builder-el-first '   itemprop=\"image\" itemscope=\"itemscope\" itemtype=\"https:\/\/schema.org\/ImageObject\" ><div class=\"avia-image-container-inner\"><div class=\"avia-image-overlay-wrap\"><img decoding=\"async\" fetchpriority=\"high\" class='wp-image-322 avia-img-lazy-loading-not-322 avia_image ' src=\"https:\/\/avos.pt\/wp-content\/uploads\/2022\/05\/ser-6.jpg\" alt='' title='Responsabilidade Social'  height=\"666\" width=\"1000\"  itemprop=\"thumbnailUrl\" srcset=\"https:\/\/avos.pt\/wp-content\/uploads\/2022\/05\/ser-6.jpg 1000w, https:\/\/avos.pt\/wp-content\/uploads\/2022\/05\/ser-6-300x200.jpg 300w, https:\/\/avos.pt\/wp-content\/uploads\/2022\/05\/ser-6-768x511.jpg 768w, https:\/\/avos.pt\/wp-content\/uploads\/2022\/05\/ser-6-705x470.jpg 705w\" sizes=\"(max-width: 1000px) 100vw, 1000px\" \/><\/div><\/div><\/div><br \/>\n<section  class='av_textblock_section av-l3fzcm6l-1beacac6015420397bd4a3c1ef2b1412 '   itemscope=\"itemscope\" itemtype=\"https:\/\/schema.org\/CreativeWork\" ><div class='avia_textblock'  itemprop=\"text\" ><p style=\"text-align: center;\"><strong>Social Responsibility<\/strong><\/p>\n<\/div><\/section><\/p><\/div>\n<style type=\"text\/css\" data-created_by=\"avia_inline_auto\" id=\"style-css-av-1b2xk-aebd5452391fd88e9e9c0e98f6cfb892\">\n#top .hr.hr-invisible.av-1b2xk-aebd5452391fd88e9e9c0e98f6cfb892{\nheight:30px;\n}\n<\/style>\n<div  class='hr av-1b2xk-aebd5452391fd88e9e9c0e98f6cfb892 hr-invisible  avia-builder-el-27  el_after_av_one_third  el_before_av_button '><span class='hr-inner '><span class=\"hr-inner-style\"><\/span><\/span><\/div>\n<div  class='avia-button-wrap av-15vcs-6c7466f1d81a9c080c7976022e39b9d4-wrap avia-button-center  avia-builder-el-28  el_after_av_hr  avia-builder-el-last '>\n<style type=\"text\/css\" data-created_by=\"avia_inline_auto\" id=\"style-css-av-15vcs-6c7466f1d81a9c080c7976022e39b9d4\">\n@keyframes av_sonarEffect_av-15vcs-6c7466f1d81a9c080c7976022e39b9d4 {\n  0% {opacity: 0.3;}\n 40% {opacity: 0.5; box-shadow: 0 0 0 2px rgba(255,255,255,0.1), 0 0 10px 10px #a7cecd, 0 0 0 10px rgba(255,255,255,0.5);}\n100% {opacity: 0; box-shadow: 0 0 0 2px rgba(255,255,255,0.1), 0 0 10px 10px #a7cecd, 0 0 0 10px rgba(255,255,255,0.5); transform: scale(1.3);}\n}\n#top #wrap_all .avia-button.av-15vcs-6c7466f1d81a9c080c7976022e39b9d4{\nbackground-color:#a7cecd;\nborder-color:#a7cecd;\ncolor:#14283a;\nborder-style:none;\ntransition:all 0.4s ease-in-out;\n}\n.avia-button.av-15vcs-6c7466f1d81a9c080c7976022e39b9d4.avia-sonar-shadow:hover:after{\nanimation:av_sonarEffect_av-15vcs-6c7466f1d81a9c080c7976022e39b9d4 1s ease-in-out;\n}\n#top #wrap_all .avia-button.av-15vcs-6c7466f1d81a9c080c7976022e39b9d4 .avia-svg-icon svg:first-child{\nfill:#14283a;\nstroke:#14283a;\n}\n<\/style>\n<a href='https:\/\/avos.pt\/en\/services\/'  class='avia-button av-15vcs-6c7466f1d81a9c080c7976022e39b9d4 av-link-btn avia-icon_select-no avia-size-large avia-position-center avia-sonar-shadow'   aria-label=\"MORE INFO\"><span class='avia_iconbox_title' >MORE INFO<\/span><\/a><\/div>\n\n","protected":false},"excerpt":{"rendered":"","protected":false},"author":1,"featured_media":0,"parent":0,"menu_order":0,"comment_status":"closed","ping_status":"closed","template":"","meta":{"footnotes":""},"class_list":["post-335","page","type-page","status-publish","hentry"],"_links":{"self":[{"href":"https:\/\/avos.pt\/en\/wp-json\/wp\/v2\/pages\/335","targetHints":{"allow":["GET"]}}],"collection":[{"href":"https:\/\/avos.pt\/en\/wp-json\/wp\/v2\/pages"}],"about":[{"href":"https:\/\/avos.pt\/en\/wp-json\/wp\/v2\/types\/page"}],"author":[{"embeddable":true,"href":"https:\/\/avos.pt\/en\/wp-json\/wp\/v2\/users\/1"}],"replies":[{"embeddable":true,"href":"https:\/\/avos.pt\/en\/wp-json\/wp\/v2\/comments?post=335"}],"version-history":[{"count":15,"href":"https:\/\/avos.pt\/en\/wp-json\/wp\/v2\/pages\/335\/revisions"}],"predecessor-version":[{"id":372,"href":"https:\/\/avos.pt\/en\/wp-json\/wp\/v2\/pages\/335\/revisions\/372"}],"wp:attachment":[{"href":"https:\/\/avos.pt\/en\/wp-json\/wp\/v2\/media?parent=335"}],"curies":[{"name":"wp","href":"https:\/\/api.w.org\/{rel}","templated":true}]}}